{"id":5152,"date":"2024-03-18T00:06:15","date_gmt":"2024-03-17T23:06:15","guid":{"rendered":"https:\/\/siglodelasluces.com\/?post_type=product&#038;p=5152"},"modified":"2026-04-05T17:56:06","modified_gmt":"2026-04-05T15:56:06","slug":"cafe-en-grano","status":"publish","type":"product","link":"https:\/\/siglodelasluces.com\/index.php\/product\/cafe-en-grano\/","title":{"rendered":"Caf\u00e9 en grano"},"content":{"rendered":"<p>Caf\u00e9 de Origen &#8211; En Grano<\/p>\n<p>100% colombiano<\/p>\n<p>Empacado en caja y bolsa con v\u00e1lvula desgasificadora<\/p>\n<p>Ingredientes: Caf\u00e9 ar\u00e1bica<\/p>\n<p>Caracter\u00edsticas: Suave, balanceado, con notas de chocolate<\/p>\n<p>Nuestro caf\u00e9 se encuentra certificado como Coffee Ar\u00e1bica LAVADO cultivado en la zona cafetera colombiana definida en la resoluci\u00f3n 4819 del 2005 y que genera las siguientes caracter\u00edsticas: Suave, de taza limpia, con acidez y cuerpo medio\/alto, aroma pronunciado y completo\u201d Emitido por CAFECERT bajo los c\u00f3digos: DOP-COL-0304-008 \/ IGP-COL-0304-008 del a\u00f1o 2024.<\/p>\n<p><img fetchpriority=\"high\" decoding=\"async\" class=\"alignnone wp-image-5462 size-full\" src=\"https:\/\/siglodelasluces.com\/wp-content\/uploads\/2024\/03\/sellos-SDLL.png\" alt=\"\" width=\"600\" height=\"200\" srcset=\"https:\/\/siglodelasluces.com\/wp-content\/uploads\/2024\/03\/sellos-SDLL.png 600w, https:\/\/siglodelasluces.com\/wp-content\/uploads\/2024\/03\/sellos-SDLL-300x100.png 300w\" sizes=\"(max-width: 600px) 100vw, 600px\" \/><\/p>\n","protected":false},"excerpt":{"rendered":"<p>Caf\u00e9 de Origen<\/p>\n<p>En Grano<\/p>\n<p>100% colombiano<\/p>\n<p>&nbsp;<\/p>\n","protected":false},"featured_media":5187,"comment_status":"open","ping_status":"closed","template":"","meta":[],"product_cat":[15],"product_tag":[],"class_list":{"0":"post-5152","1":"product","2":"type-product","3":"status-publish","4":"has-post-thumbnail","6":"product_cat-cafe","8":"first","9":"outofstock","10":"shipping-taxable","11":"purchasable","12":"product-type-variable"},"jetpack_sharing_enabled":true,"_links":{"self":[{"href":"https:\/\/siglodelasluces.com\/index.php\/wp-json\/wp\/v2\/product\/5152","targetHints":{"allow":["GET"]}}],"collection":[{"href":"https:\/\/siglodelasluces.com\/index.php\/wp-json\/wp\/v2\/product"}],"about":[{"href":"https:\/\/siglodelasluces.com\/index.php\/wp-json\/wp\/v2\/types\/product"}],"replies":[{"embeddable":true,"href":"https:\/\/siglodelasluces.com\/index.php\/wp-json\/wp\/v2\/comments?post=5152"}],"wp:featuredmedia":[{"embeddable":true,"href":"https:\/\/siglodelasluces.com\/index.php\/wp-json\/wp\/v2\/media\/5187"}],"wp:attachment":[{"href":"https:\/\/siglodelasluces.com\/index.php\/wp-json\/wp\/v2\/media?parent=5152"}],"wp:term":[{"taxonomy":"product_cat","embeddable":true,"href":"https:\/\/siglodelasluces.com\/index.php\/wp-json\/wp\/v2\/product_cat?post=5152"},{"taxonomy":"product_tag","embeddable":true,"href":"https:\/\/siglodelasluces.com\/index.php\/wp-json\/wp\/v2\/product_tag?post=5152"}],"curies":[{"name":"wp","href":"https:\/\/api.w.org\/{rel}","templated":true}]}}