{"id":5505,"date":"2024-11-09T00:55:58","date_gmt":"2024-11-08T23:55:58","guid":{"rendered":"https:\/\/siglodelasluces.com\/?page_id=5505"},"modified":"2025-02-04T21:33:28","modified_gmt":"2025-02-04T20:33:28","slug":"menu","status":"publish","type":"page","link":"https:\/\/siglodelasluces.com\/index.php\/menu\/","title":{"rendered":"Men\u00fa"},"content":{"rendered":"\t\t<div data-elementor-type=\"wp-post\" data-elementor-id=\"5505\" class=\"elementor elementor-5505\">\n\t\t\t\t<div class=\"elementor-element elementor-element-558a45c e-con-full e-flex e-con e-parent\" data-id=\"558a45c\" data-element_type=\"container\" data-settings=\"{&quot;background_background&quot;:&quot;classic&quot;,&quot;content_width&quot;:&quot;full&quot;}\" data-core-v316-plus=\"true\">\n\t\t<div class=\"elementor-element elementor-element-e3b9bfd e-con-full e-flex e-con e-child\" data-id=\"e3b9bfd\" data-element_type=\"container\" data-settings=\"{&quot;content_width&quot;:&quot;full&quot;,&quot;background_background&quot;:&quot;classic&quot;}\">\n\t\t\t\t<div class=\"elementor-element elementor-element-aac8732 elementor-widget elementor-widget-heading\" data-id=\"aac8732\" data-element_type=\"widget\" data-widget_type=\"heading.default\">\n\t\t\t\t<div class=\"elementor-widget-container\">\n\t\t\t<style>\/*! elementor - v3.19.0 - 29-01-2024 *\/\n.elementor-heading-title{padding:0;margin:0;line-height:1}.elementor-widget-heading .elementor-heading-title[class*=elementor-size-]>a{color:inherit;font-size:inherit;line-height:inherit}.elementor-widget-heading .elementor-heading-title.elementor-size-small{font-size:15px}.elementor-widget-heading .elementor-heading-title.elementor-size-medium{font-size:19px}.elementor-widget-heading .elementor-heading-title.elementor-size-large{font-size:29px}.elementor-widget-heading .elementor-heading-title.elementor-size-xl{font-size:39px}.elementor-widget-heading .elementor-heading-title.elementor-size-xxl{font-size:59px}<\/style><h1 class=\"elementor-heading-title elementor-size-default\">Men\u00fa<\/h1>\t\t<\/div>\n\t\t\t\t<\/div>\n\t\t\t\t<div class=\"elementor-element elementor-element-ec2a043 elementor-align-center elementor-widget elementor-widget-button\" data-id=\"ec2a043\" data-element_type=\"widget\" data-widget_type=\"button.default\">\n\t\t\t\t<div class=\"elementor-widget-container\">\n\t\t\t\t\t<div class=\"elementor-button-wrapper\">\n\t\t\t<a class=\"elementor-button elementor-button-link elementor-size-sm\" href=\"https:\/\/siglodelasluces.com\/wp-content\/uploads\/2025\/02\/Menu-siglo-de-las-luces.pdf\">\n\t\t\t\t\t\t<span class=\"elementor-button-content-wrapper\">\n\t\t\t\t\t\t<span class=\"elementor-button-text\">Cons\u00faltalo aqu\u00ed<\/span>\n\t\t<\/span>\n\t\t\t\t\t<\/a>\n\t\t<\/div>\n\t\t\t\t<\/div>\n\t\t\t\t<\/div>\n\t\t\t\t<\/div>\n\t\t\t\t<\/div>\n\t\t<div class=\"elementor-element elementor-element-f0f45e2 e-flex e-con-boxed e-con e-parent\" data-id=\"f0f45e2\" data-element_type=\"container\" data-settings=\"{&quot;content_width&quot;:&quot;boxed&quot;}\" data-core-v316-plus=\"true\">\n\t\t\t\t\t<div class=\"e-con-inner\">\n\t\t\t\t\t<\/div>\n\t\t\t\t<\/div>\n\t\t\t\t<\/div>\n\t\t","protected":false},"excerpt":{"rendered":"<p>Men\u00fa Cons\u00faltalo aqu\u00ed<\/p>\n","protected":false},"author":3,"featured_media":5034,"parent":0,"menu_order":0,"comment_status":"closed","ping_status":"closed","template":"","meta":{"footnotes":""},"class_list":["post-5505","page","type-page","status-publish","has-post-thumbnail","hentry"],"post-meta":{"site-container":["full-width-stretched"],"site-sidebar":["full"],"site-post-title":["disabled"],"_elementor_template_type":["wp-post"],"_wp_page_template":["default"],"_elementor_data":["[{\"id\":\"558a45c\",\"elType\":\"container\",\"settings\":{\"boxed_width\":{\"unit\":\"px\",\"size\":1170},\"flex_gap\":{\"size\":0,\"unit\":\"px\"},\"background_background\":\"classic\",\"background_image\":{\"url\":\"\",\"id\":\"\",\"alt\":\"\",\"source\":\"library\",\"size\":\"\"},\"background_position\":\"top center\",\"background_repeat\":\"no-repeat\",\"background_size\":\"cover\",\"padding\":{\"unit\":\"px\",\"top\":\"0\",\"right\":\"15\",\"bottom\":\"0\",\"left\":\"15\",\"isLinked\":false},\"flex_direction\":\"row\",\"flex_align_items\":\"stretch\",\"content_width\":\"full\"},\"elements\":[{\"id\":\"e3b9bfd\",\"elType\":\"container\",\"settings\":{\"_column_size\":100,\"content_width\":\"full\",\"padding\":{\"unit\":\"px\",\"top\":\"0\",\"right\":\"0\",\"bottom\":\"0\",\"left\":\"0\",\"isLinked\":true},\"background_background\":\"classic\",\"background_image\":{\"url\":\"\",\"id\":\"\",\"size\":\"\",\"alt\":\"\",\"source\":\"library\"},\"background_overlay_background\":\"classic\",\"boxed_width\":{\"unit\":\"px\",\"size\":1600,\"sizes\":[]}},\"elements\":[{\"id\":\"aac8732\",\"elType\":\"widget\",\"settings\":{\"title\":\"Men\\u00fa\",\"header_size\":\"h1\",\"align\":\"center\",\"text_stroke_text_stroke_type\":\"yes\",\"text_stroke_text_stroke\":{\"unit\":\"px\",\"size\":0,\"sizes\":[]},\"text_shadow_text_shadow_type\":\"yes\",\"text_shadow_text_shadow\":{\"horizontal\":0,\"vertical\":0,\"blur\":59,\"color\":\"rgba(0, 0, 0, 0.61)\"},\"_margin\":{\"unit\":\"px\",\"top\":\"77\",\"right\":\"77\",\"bottom\":\"77\",\"left\":\"77\",\"isLinked\":true},\"_padding\":{\"unit\":\"px\",\"top\":\"16\",\"right\":\"16\",\"bottom\":\"16\",\"left\":\"16\",\"isLinked\":true},\"__globals__\":{\"title_color\":\"globals\\\/colors?id=secondary\"}},\"elements\":[],\"widgetType\":\"heading\"},{\"id\":\"ec2a043\",\"elType\":\"widget\",\"settings\":{\"text\":\"Cons\\u00faltalo aqu\\u00ed\",\"link\":{\"url\":\"https:\\\/\\\/siglodelasluces.com\\\/wp-content\\\/uploads\\\/2025\\\/02\\\/Menu-siglo-de-las-luces.pdf\",\"is_external\":\"\",\"nofollow\":\"\",\"custom_attributes\":\"\"},\"align\":\"center\"},\"elements\":[],\"widgetType\":\"button\"}],\"isInner\":true}],\"isInner\":false},{\"id\":\"f0f45e2\",\"elType\":\"container\",\"settings\":{\"flex_direction\":\"column\"},\"elements\":[],\"isInner\":false}]"],"_elementor_version":["3.19.0"],"site-header-transparent":["default"],"site-page-header":["disabled"],"_elementor_controls_usage":["a:8:{s:6:\"spacer\";a:3:{s:5:\"count\";i:18;s:15:\"control_percent\";i:0;s:8:\"controls\";a:1:{s:7:\"content\";a:1:{s:14:\"section_spacer\";a:3:{s:5:\"space\";i:15;s:12:\"space_tablet\";i:3;s:12:\"space_mobile\";i:11;}}}}s:11:\"text-editor\";a:3:{s:5:\"count\";i:10;s:15:\"control_percent\";i:2;s:8:\"controls\";a:2:{s:7:\"content\";a:1:{s:14:\"section_editor\";a:1:{s:6:\"editor\";i:10;}}s:5:\"style\";a:1:{s:13:\"section_style\";a:9:{s:5:\"align\";i:6;s:21:\"typography_typography\";i:6;s:20:\"typography_font_size\";i:6;s:25:\"typography_text_transform\";i:5;s:22:\"typography_font_weight\";i:2;s:27:\"typography_font_size_mobile\";i:2;s:29:\"typography_line_height_mobile\";i:1;s:10:\"text_color\";i:1;s:12:\"align_mobile\";i:3;}}}}s:7:\"heading\";a:3:{s:5:\"count\";i:9;s:15:\"control_percent\";i:2;s:8:\"controls\";a:3:{s:7:\"content\";a:1:{s:13:\"section_title\";a:4:{s:5:\"title\";i:9;s:5:\"align\";i:4;s:11:\"header_size\";i:3;s:12:\"align_mobile\";i:3;}}s:5:\"style\";a:1:{s:19:\"section_title_style\";a:9:{s:21:\"typography_typography\";i:9;s:20:\"typography_font_size\";i:1;s:22:\"typography_line_height\";i:2;s:27:\"typography_font_size_tablet\";i:1;s:27:\"typography_font_size_mobile\";i:6;s:29:\"typography_line_height_tablet\";i:1;s:29:\"typography_line_height_mobile\";i:2;s:22:\"typography_font_weight\";i:4;s:25:\"typography_letter_spacing\";i:1;}}s:8:\"advanced\";a:1:{s:14:\"_section_style\";a:1:{s:7:\"_margin\";i:3;}}}}s:6:\"button\";a:3:{s:5:\"count\";i:2;s:15:\"control_percent\";i:4;s:8:\"controls\";a:2:{s:7:\"content\";a:1:{s:14:\"section_button\";a:3:{s:4:\"text\";i:2;s:4:\"link\";i:1;s:4:\"size\";i:1;}}s:5:\"style\";a:1:{s:13:\"section_style\";a:13:{s:21:\"typography_typography\";i:2;s:22:\"typography_font_weight\";i:2;s:25:\"typography_text_transform\";i:2;s:22:\"typography_line_height\";i:2;s:13:\"border_radius\";i:2;s:12:\"text_padding\";i:2;s:25:\"typography_letter_spacing\";i:1;s:19:\"text_padding_mobile\";i:2;s:29:\"button_background_hover_color\";i:2;s:33:\"button_box_shadow_box_shadow_type\";i:2;s:28:\"button_box_shadow_box_shadow\";i:2;s:20:\"typography_font_size\";i:2;s:16:\"background_color\";i:1;}}}}s:6:\"column\";a:3:{s:5:\"count\";i:24;s:15:\"control_percent\";i:0;s:8:\"controls\";a:3:{s:6:\"layout\";a:1:{s:6:\"layout\";a:2:{s:12:\"_inline_size\";i:17;s:19:\"_inline_size_tablet\";i:6;}}s:5:\"style\";a:1:{s:13:\"section_style\";a:1:{s:21:\"background_background\";i:4;}}s:8:\"advanced\";a:1:{s:16:\"section_advanced\";a:5:{s:6:\"margin\";i:2;s:13:\"margin_mobile\";i:1;s:7:\"padding\";i:6;s:14:\"padding_mobile\";i:3;s:14:\"padding_tablet\";i:1;}}}}s:7:\"section\";a:3:{s:5:\"count\";i:12;s:15:\"control_percent\";i:1;s:8:\"controls\";a:3:{s:6:\"layout\";a:2:{s:14:\"section_layout\";a:4:{s:13:\"content_width\";i:3;s:3:\"gap\";i:10;s:15:\"stretch_section\";i:4;s:6:\"layout\";i:2;}s:17:\"section_structure\";a:1:{s:9:\"structure\";i:5;}}s:5:\"style\";a:1:{s:18:\"section_background\";a:6:{s:21:\"background_background\";i:3;s:16:\"background_image\";i:2;s:19:\"background_position\";i:2;s:17:\"background_repeat\";i:2;s:15:\"background_size\";i:2;s:16:\"background_color\";i:1;}}s:8:\"advanced\";a:1:{s:16:\"section_advanced\";a:3:{s:7:\"padding\";i:2;s:6:\"margin\";i:1;s:11:\"css_classes\";i:1;}}}}s:5:\"image\";a:3:{s:5:\"count\";i:13;s:15:\"control_percent\";i:0;s:8:\"controls\";a:3:{s:7:\"content\";a:1:{s:13:\"section_image\";a:7:{s:5:\"image\";i:13;s:10:\"image_size\";i:8;s:7:\"caption\";i:4;s:7:\"link_to\";i:4;s:4:\"link\";i:4;s:14:\"caption_source\";i:4;s:12:\"align_mobile\";i:3;}}s:5:\"style\";a:1:{s:19:\"section_style_image\";a:2:{s:22:\"css_filters_hover_blur\";i:4;s:27:\"background_hover_transition\";i:4;}}s:8:\"advanced\";a:1:{s:14:\"_section_style\";a:3:{s:7:\"_margin\";i:4;s:14:\"_margin_mobile\";i:7;s:8:\"_padding\";i:1;}}}}s:9:\"shortcode\";a:3:{s:5:\"count\";i:2;s:15:\"control_percent\";i:0;s:8:\"controls\";a:1:{s:7:\"content\";a:1:{s:17:\"section_shortcode\";a:1:{s:9:\"shortcode\";i:2;}}}}}"],"_elementor_page_assets":["a:0:{}"],"_elementor_edit_mode":["builder"],"_edit_lock":["1763731356:3"],"_last_editor_used_jetpack":["block-editor"],"_edit_last":["2"],"_thumbnail_id":["5034"],"_elementor_css":["a:6:{s:4:\"time\";i:1738701717;s:5:\"fonts\";a:0:{}s:5:\"icons\";a:1:{i:0;s:0:\"\";}s:20:\"dynamic_elements_ids\";a:0:{}s:6:\"status\";s:4:\"file\";i:0;s:0:\"\";}"]},"jetpack_sharing_enabled":true,"_links":{"self":[{"href":"https:\/\/siglodelasluces.com\/index.php\/wp-json\/wp\/v2\/pages\/5505","targetHints":{"allow":["GET"]}}],"collection":[{"href":"https:\/\/siglodelasluces.com\/index.php\/wp-json\/wp\/v2\/pages"}],"about":[{"href":"https:\/\/siglodelasluces.com\/index.php\/wp-json\/wp\/v2\/types\/page"}],"author":[{"embeddable":true,"href":"https:\/\/siglodelasluces.com\/index.php\/wp-json\/wp\/v2\/users\/3"}],"replies":[{"embeddable":true,"href":"https:\/\/siglodelasluces.com\/index.php\/wp-json\/wp\/v2\/comments?post=5505"}],"version-history":[{"count":9,"href":"https:\/\/siglodelasluces.com\/index.php\/wp-json\/wp\/v2\/pages\/5505\/revisions"}],"predecessor-version":[{"id":5517,"href":"https:\/\/siglodelasluces.com\/index.php\/wp-json\/wp\/v2\/pages\/5505\/revisions\/5517"}],"wp:featuredmedia":[{"embeddable":true,"href":"https:\/\/siglodelasluces.com\/index.php\/wp-json\/wp\/v2\/media\/5034"}],"wp:attachment":[{"href":"https:\/\/siglodelasluces.com\/index.php\/wp-json\/wp\/v2\/media?parent=5505"}],"curies":[{"name":"wp","href":"https:\/\/api.w.org\/{rel}","templated":true}]}}